{"id":11761,"date":"2021-04-09T10:04:58","date_gmt":"2021-04-09T10:04:58","guid":{"rendered":"https:\/\/www.makeit.app\/download"},"modified":"2021-04-27T12:23:09","modified_gmt":"2021-04-27T12:23:09","slug":"descarregar","status":"publish","type":"page","link":"https:\/\/www.makeit.app\/ca\/descarregar","title":{"rendered":"Descarregar"},"content":{"rendered":"<p>[vc_row content_width=&#8221;grid&#8221; disable_margin_on_row=&#8221;no&#8221; css=&#8221;.vc_custom_1484836684201{padding-top: 92px !important;padding-bottom: 50px !important;}&#8221;][vc_column offset=&#8221;vc_col-lg-12 vc_col-md-12&#8243;][vc_column_text]<\/p>\n<h3 style=\"text-align: center;\">A l&#8217;abast de tothom!<\/h3>\n<h5 style=\"text-align: center;\">Make It est\u00e0 disponible pels sistemes iOS,\u00a0a l&#8217;App Store, i Android, a Google Play, aix\u00ed com per a Mac i Windows.\u00a0Descarrega&#8217;t ara la plataforma als teus dispositius m\u00f2bils i de sobretaula i comen\u00e7a a gaudir de l&#8217;experi\u00e8ncia.<\/h5>\n<p>[\/vc_column_text][vc_empty_space height=&#8221;50&#8243;][vc_row_inner][vc_column_inner width=&#8221;1\/4&#8243;][vc_single_image image=&#8221;11180&#8243; img_size=&#8221;full&#8221; alignment=&#8221;center&#8221; onclick=&#8221;custom_link&#8221; img_link_target=&#8221;_blank&#8221; link=&#8221;https:\/\/apps.apple.com\/us\/app\/make-it-crea-juegos-y-quizzes\/id1182354738&#8243;][vc_column_text]<\/p>\n<p style=\"text-align: center;\">Apple Store<\/p>\n<p>[\/vc_column_text][\/vc_column_inner][vc_column_inner width=&#8221;1\/4&#8243;][vc_single_image image=&#8221;11184&#8243; img_size=&#8221;full&#8221; alignment=&#8221;center&#8221; onclick=&#8221;custom_link&#8221; img_link_target=&#8221;_blank&#8221; link=&#8221;https:\/\/apps.apple.com\/us\/app\/make-it-crea-juegos-y-quizzes\/id1182354738&#8243;][vc_column_text]<\/p>\n<p style=\"text-align: center;\">Mac App Store<\/p>\n<p>[\/vc_column_text][\/vc_column_inner][vc_column_inner width=&#8221;1\/4&#8243;][vc_single_image image=&#8221;11182&#8243; img_size=&#8221;full&#8221; alignment=&#8221;center&#8221; onclick=&#8221;custom_link&#8221; img_link_target=&#8221;_blank&#8221; link=&#8221;https:\/\/play.google.com\/store\/apps\/details?id=com.planetfactory.makeitAndroid&amp;hl=en&amp;gl=US&#8221;][vc_column_text]<\/p>\n<p style=\"text-align: center;\">Google Play<\/p>\n<p>[\/vc_column_text][\/vc_column_inner][vc_column_inner width=&#8221;1\/4&#8243;][vc_single_image image=&#8221;11669&#8243; img_size=&#8221;full&#8221; alignment=&#8221;center&#8221; onclick=&#8221;custom_link&#8221; link=&#8221;https:\/\/makeit.app\/windows&#8221;][vc_column_text]<\/p>\n<p style=\"text-align: center;\">Windows<\/p>\n<p>[\/vc_column_text][\/vc_column_inner][\/vc_row_inner][vc_empty_space][\/vc_column][\/vc_row][vc_row content_width=&#8221;grid&#8221; disable_margin_on_row=&#8221;no&#8221; css=&#8221;.vc_custom_1484902750288{padding-top: 17px !important;padding-bottom: 76px !important;}&#8221;][vc_column]<div class=\"mkd-elements-holder mkd-responsive-mode-1024\" ><div class=\"mkd-elements-holder-item mkd-width-1-2 mkd-vertical-alignment-middle mkd-horizontal-alignment-left\" data-item-class=\"mkd-elements-holder-custom-978743\" >\n    <div class=\"mkd-elements-holder-item-inner\">\n        <div\n            class=\"mkd-elements-holder-item-content mkd-elements-holder-custom-978743\" style=\"padding: 0 0px 23px 0px\">\n            <div class=\"mkd-elements-holder-item-content-inner\">\n                [vc_column_text]<\/p>\n<h2>Make It \u00e9s la teva eina<\/h2>\n<p>[\/vc_column_text][vc_empty_space height=&#8221;5px&#8221;][vc_column_text]La comunitat d&#8217;educadors de Make It segueix creixent i supera el mili\u00f3 de desc\u00e0rregues! Uneix-te ara a la comunitat i comen\u00e7a a gaudir de l&#8217;eina: podr\u00e0s crear i personalitzar els continguts per adaptar-los a cada alumne o grup d&#8217;alumnes i, dinamitzar les classes i els deures amb jocs i tests educatius perqu\u00e8 els estudiants\u00a0puguin jugar i aprendre a casa i a l&#8217;escola.<\/p>\n<p>Descarrega&#8217;t Make It![\/vc_column_text]            <\/div>\n        <\/div>\n    <\/div>\n<\/div><div class=\"mkd-elements-holder-item mkd-width-1-2 mkd-vertical-alignment-middle mkd-horizontal-alignment-left\" data-item-class=\"mkd-elements-holder-custom-170370\" data-768-1024=\"0 0 0 0\" data-480=\"0 0 0 0\" >\n    <div class=\"mkd-elements-holder-item-inner\">\n        <div\n            class=\"mkd-elements-holder-item-content mkd-elements-holder-custom-170370\" style=\"padding: 0 0 0 32px\">\n            <div class=\"mkd-elements-holder-item-content-inner\">\n                [vc_empty_space height=&#8221;30px&#8221;]<div class=\"mkd-progress-bar\">\n    <h6 class=\"mkd-progress-title-holder clearfix\">\n    <span class=\"mkd-progress-title\">R\u00e0pid i senzill<\/span>\n\t\t<span class=\"mkd-progress-number-wrapper mkd-floating mkd-floating-outside \">\n\t\t\t<span class=\"mkd-progress-number\">\n\t\t\t\t<span class=\"mkd-percent\">0<\/span>\n                                    <span class=\"mkd-down-arrow\"><\/span>\n                \t\t\t<\/span>\n\t\t<\/span>\n<\/h6>\n<div class=\"mkd-progress-content-outer\" style=\"background-color:#f0f0f0\">\n    <div data-percentage=95 class=\"mkd-progress-content\" style=\"background-color:#5b76ed\"><\/div>\n<\/div>\n<\/div>\t<div class=\"mkd-progress-bar\">\n    <h6 class=\"mkd-progress-title-holder clearfix\">\n    <span class=\"mkd-progress-title\">Personalitzable i inclusiu<\/span>\n\t\t<span class=\"mkd-progress-number-wrapper mkd-floating mkd-floating-outside \">\n\t\t\t<span class=\"mkd-progress-number\">\n\t\t\t\t<span class=\"mkd-percent\">0<\/span>\n                                    <span class=\"mkd-down-arrow\"><\/span>\n                \t\t\t<\/span>\n\t\t<\/span>\n<\/h6>\n<div class=\"mkd-progress-content-outer\" style=\"background-color:#f0f0f0\">\n    <div data-percentage=90 class=\"mkd-progress-content\" style=\"background-color:#5b76ed\"><\/div>\n<\/div>\n<\/div>\t<div class=\"mkd-progress-bar\">\n    <h6 class=\"mkd-progress-title-holder clearfix\">\n    <span class=\"mkd-progress-title\">Creatiu i interactiu<\/span>\n\t\t<span class=\"mkd-progress-number-wrapper mkd-floating mkd-floating-outside \">\n\t\t\t<span class=\"mkd-progress-number\">\n\t\t\t\t<span class=\"mkd-percent\">0<\/span>\n                                    <span class=\"mkd-down-arrow\"><\/span>\n                \t\t\t<\/span>\n\t\t<\/span>\n<\/h6>\n<div class=\"mkd-progress-content-outer\" style=\"background-color:#f0f0f0\">\n    <div data-percentage=85 class=\"mkd-progress-content\" style=\"background-color:#5b76ed\"><\/div>\n<\/div>\n<\/div>\t            <\/div>\n        <\/div>\n    <\/div>\n<\/div><\/div>[\/vc_column][\/vc_row]<\/p>\n","protected":false},"excerpt":{"rendered":"<p>[vc_row content_width=&#8221;grid&#8221; disable_margin_on_row=&#8221;no&#8221; css=&#8221;.vc_custom_1484836684201{padding-top: 92px !important;padding-bottom: 50px !important;}&#8221;][vc_column offset=&#8221;vc_col-lg-12 vc_col-md-12&#8243;][vc_column_text] A l&#8217;abast de tothom! Make It est\u00e0 disponible pels sistemes iOS,\u00a0a l&#8217;App Store, i Android, a Google Play, aix\u00ed com per a Mac i Windows.\u00a0Descarrega&#8217;t ara la plataforma als teus dispositius m\u00f2bils i de sobretaula&#8230;<\/p>\n","protected":false},"author":1,"featured_media":11701,"parent":0,"menu_order":0,"comment_status":"closed","ping_status":"closed","template":"full-width.php","meta":{"_monsterinsights_skip_tracking":false,"_monsterinsights_sitenote_active":false,"_monsterinsights_sitenote_note":"","_monsterinsights_sitenote_category":0},"yoast_head":"<!-- This site is optimized with the Yoast SEO plugin v19.4 - https:\/\/yoast.com\/wordpress\/plugins\/seo\/ -->\n<title>Descarregar - Make It<\/title>\n<meta name=\"robots\" content=\"index, follow, max-snippet:-1, max-image-preview:large, max-video-preview:-1\" \/>\n<link rel=\"canonical\" href=\"https:\/\/www.makeit.app\/ca\/descarregar\" \/>\n<meta property=\"og:locale\" content=\"ca_ES\" \/>\n<meta property=\"og:type\" content=\"article\" \/>\n<meta property=\"og:title\" content=\"Descarregar - Make It\" \/>\n<meta property=\"og:description\" content=\"[vc_row content_width=&#8221;grid&#8221; disable_margin_on_row=&#8221;no&#8221; css=&#8221;.vc_custom_1484836684201{padding-top: 92px !important;padding-bottom: 50px !important;}&#8221;][vc_column offset=&#8221;vc_col-lg-12 vc_col-md-12&#8243;][vc_column_text] A l&#8217;abast de tothom! Make It est\u00e0 disponible pels sistemes iOS,\u00a0a l&#8217;App Store, i Android, a Google Play, aix\u00ed com per a Mac i Windows.\u00a0Descarrega&#8217;t ara la plataforma als teus dispositius m\u00f2bils i de sobretaula...\" \/>\n<meta property=\"og:url\" content=\"https:\/\/www.makeit.app\/ca\/descarregar\" \/>\n<meta property=\"og:site_name\" content=\"Make It\" \/>\n<meta property=\"article:publisher\" content=\"https:\/\/www.facebook.com\/MakeItGamesAndQuizzes\" \/>\n<meta property=\"article:modified_time\" content=\"2021-04-27T12:23:09+00:00\" \/>\n<meta name=\"twitter:card\" content=\"summary_large_image\" \/>\n<meta name=\"twitter:site\" content=\"@LearnyLand\" \/>\n<meta name=\"twitter:label1\" content=\"Temps estimat de lectura\" \/>\n\t<meta name=\"twitter:data1\" content=\"2 minuts\" \/>\n<script type=\"application\/ld+json\" class=\"yoast-schema-graph\">{\"@context\":\"https:\/\/schema.org\",\"@graph\":[{\"@type\":\"Organization\",\"@id\":\"https:\/\/www.makeit.app\/#organization\",\"name\":\"Learny Land\",\"url\":\"https:\/\/www.makeit.app\/\",\"sameAs\":[\"https:\/\/www.instagram.com\/app.makeit\/\",\"https:\/\/www.linkedin.com\/company\/learnyland\/\",\"https:\/\/www.facebook.com\/MakeItGamesAndQuizzes\",\"https:\/\/twitter.com\/LearnyLand\"],\"logo\":{\"@type\":\"ImageObject\",\"inLanguage\":\"ca\",\"@id\":\"https:\/\/www.makeit.app\/#\/schema\/logo\/image\/\",\"url\":\"https:\/\/www.makeit.app\/wp-content\/uploads\/2021\/04\/logoWhite_blue.png\",\"contentUrl\":\"https:\/\/www.makeit.app\/wp-content\/uploads\/2021\/04\/logoWhite_blue.png\",\"width\":2989,\"height\":1689,\"caption\":\"Learny Land\"},\"image\":{\"@id\":\"https:\/\/www.makeit.app\/#\/schema\/logo\/image\/\"}},{\"@type\":\"WebSite\",\"@id\":\"https:\/\/www.makeit.app\/#website\",\"url\":\"https:\/\/www.makeit.app\/\",\"name\":\"Make It\",\"description\":\"Crear Juegos Educativos\",\"publisher\":{\"@id\":\"https:\/\/www.makeit.app\/#organization\"},\"potentialAction\":[{\"@type\":\"SearchAction\",\"target\":{\"@type\":\"EntryPoint\",\"urlTemplate\":\"https:\/\/www.makeit.app\/?s={search_term_string}\"},\"query-input\":\"required name=search_term_string\"}],\"inLanguage\":\"ca\"},{\"@type\":\"WebPage\",\"@id\":\"https:\/\/www.makeit.app\/ca\/descarregar\",\"url\":\"https:\/\/www.makeit.app\/ca\/descarregar\",\"name\":\"Descarregar - Make It\",\"isPartOf\":{\"@id\":\"https:\/\/www.makeit.app\/#website\"},\"datePublished\":\"2021-04-09T10:04:58+00:00\",\"dateModified\":\"2021-04-27T12:23:09+00:00\",\"breadcrumb\":{\"@id\":\"https:\/\/www.makeit.app\/ca\/descarregar#breadcrumb\"},\"inLanguage\":\"ca\",\"potentialAction\":[{\"@type\":\"ReadAction\",\"target\":[\"https:\/\/www.makeit.app\/ca\/descarregar\"]}]},{\"@type\":\"BreadcrumbList\",\"@id\":\"https:\/\/www.makeit.app\/ca\/descarregar#breadcrumb\",\"itemListElement\":[{\"@type\":\"ListItem\",\"position\":1,\"name\":\"Home\",\"item\":\"https:\/\/www.makeit.app\/ca\"},{\"@type\":\"ListItem\",\"position\":2,\"name\":\"Descarregar\"}]}]}<\/script>\n<!-- \/ Yoast SEO plugin. -->","yoast_head_json":{"title":"Descarregar - Make It","robots":{"index":"index","follow":"follow","max-snippet":"max-snippet:-1","max-image-preview":"max-image-preview:large","max-video-preview":"max-video-preview:-1"},"canonical":"https:\/\/www.makeit.app\/ca\/descarregar","og_locale":"ca_ES","og_type":"article","og_title":"Descarregar - Make It","og_description":"[vc_row content_width=&#8221;grid&#8221; disable_margin_on_row=&#8221;no&#8221; css=&#8221;.vc_custom_1484836684201{padding-top: 92px !important;padding-bottom: 50px !important;}&#8221;][vc_column offset=&#8221;vc_col-lg-12 vc_col-md-12&#8243;][vc_column_text] A l&#8217;abast de tothom! Make It est\u00e0 disponible pels sistemes iOS,\u00a0a l&#8217;App Store, i Android, a Google Play, aix\u00ed com per a Mac i Windows.\u00a0Descarrega&#8217;t ara la plataforma als teus dispositius m\u00f2bils i de sobretaula...","og_url":"https:\/\/www.makeit.app\/ca\/descarregar","og_site_name":"Make It","article_publisher":"https:\/\/www.facebook.com\/MakeItGamesAndQuizzes","article_modified_time":"2021-04-27T12:23:09+00:00","twitter_card":"summary_large_image","twitter_site":"@LearnyLand","twitter_misc":{"Temps estimat de lectura":"2 minuts"},"schema":{"@context":"https:\/\/schema.org","@graph":[{"@type":"Organization","@id":"https:\/\/www.makeit.app\/#organization","name":"Learny Land","url":"https:\/\/www.makeit.app\/","sameAs":["https:\/\/www.instagram.com\/app.makeit\/","https:\/\/www.linkedin.com\/company\/learnyland\/","https:\/\/www.facebook.com\/MakeItGamesAndQuizzes","https:\/\/twitter.com\/LearnyLand"],"logo":{"@type":"ImageObject","inLanguage":"ca","@id":"https:\/\/www.makeit.app\/#\/schema\/logo\/image\/","url":"https:\/\/www.makeit.app\/wp-content\/uploads\/2021\/04\/logoWhite_blue.png","contentUrl":"https:\/\/www.makeit.app\/wp-content\/uploads\/2021\/04\/logoWhite_blue.png","width":2989,"height":1689,"caption":"Learny Land"},"image":{"@id":"https:\/\/www.makeit.app\/#\/schema\/logo\/image\/"}},{"@type":"WebSite","@id":"https:\/\/www.makeit.app\/#website","url":"https:\/\/www.makeit.app\/","name":"Make It","description":"Crear Juegos Educativos","publisher":{"@id":"https:\/\/www.makeit.app\/#organization"},"potentialAction":[{"@type":"SearchAction","target":{"@type":"EntryPoint","urlTemplate":"https:\/\/www.makeit.app\/?s={search_term_string}"},"query-input":"required name=search_term_string"}],"inLanguage":"ca"},{"@type":"WebPage","@id":"https:\/\/www.makeit.app\/ca\/descarregar","url":"https:\/\/www.makeit.app\/ca\/descarregar","name":"Descarregar - Make It","isPartOf":{"@id":"https:\/\/www.makeit.app\/#website"},"datePublished":"2021-04-09T10:04:58+00:00","dateModified":"2021-04-27T12:23:09+00:00","breadcrumb":{"@id":"https:\/\/www.makeit.app\/ca\/descarregar#breadcrumb"},"inLanguage":"ca","potentialAction":[{"@type":"ReadAction","target":["https:\/\/www.makeit.app\/ca\/descarregar"]}]},{"@type":"BreadcrumbList","@id":"https:\/\/www.makeit.app\/ca\/descarregar#breadcrumb","itemListElement":[{"@type":"ListItem","position":1,"name":"Home","item":"https:\/\/www.makeit.app\/ca"},{"@type":"ListItem","position":2,"name":"Descarregar"}]}]}},"_links":{"self":[{"href":"https:\/\/www.makeit.app\/ca\/wp-json\/wp\/v2\/pages\/11761"}],"collection":[{"href":"https:\/\/www.makeit.app\/ca\/wp-json\/wp\/v2\/pages"}],"about":[{"href":"https:\/\/www.makeit.app\/ca\/wp-json\/wp\/v2\/types\/page"}],"author":[{"embeddable":true,"href":"https:\/\/www.makeit.app\/ca\/wp-json\/wp\/v2\/users\/1"}],"replies":[{"embeddable":true,"href":"https:\/\/www.makeit.app\/ca\/wp-json\/wp\/v2\/comments?post=11761"}],"version-history":[{"count":19,"href":"https:\/\/www.makeit.app\/ca\/wp-json\/wp\/v2\/pages\/11761\/revisions"}],"predecessor-version":[{"id":11824,"href":"https:\/\/www.makeit.app\/ca\/wp-json\/wp\/v2\/pages\/11761\/revisions\/11824"}],"wp:featuredmedia":[{"embeddable":true,"href":"https:\/\/www.makeit.app\/ca\/wp-json\/wp\/v2\/media\/11701"}],"wp:attachment":[{"href":"https:\/\/www.makeit.app\/ca\/wp-json\/wp\/v2\/media?parent=11761"}],"curies":[{"name":"wp","href":"https:\/\/api.w.org\/{rel}","templated":true}]}}