{"id":11984,"date":"2021-04-26T06:59:55","date_gmt":"2021-04-26T06:59:55","guid":{"rendered":"https:\/\/www.makeit.app\/descargar"},"modified":"2021-04-26T07:19:13","modified_gmt":"2021-04-26T07:19:13","slug":"descargar","status":"publish","type":"page","link":"https:\/\/www.makeit.app\/es\/descargar","title":{"rendered":"Descargar"},"content":{"rendered":"<p>[vc_row content_width=\u00bbgrid\u00bb disable_margin_on_row=\u00bbno\u00bb css=\u00bb.vc_custom_1484836684201{padding-top: 92px !important;padding-bottom: 50px !important;}\u00bb][vc_column offset=\u00bbvc_col-lg-12 vc_col-md-12&#8243;][vc_column_text]<\/p>\n<h3 style=\"text-align: center;\">\u00a1Al alcance de todo el mundo!<\/h3>\n<h5 style=\"text-align: center;\">Make It est\u00e1 disponible para los sistemas iOS, en App Store, y Android, en Google Play, as\u00ed como para Mac y Windows.\u00a0Desc\u00e1rgate ahora la plataforma en tus dispositivos m\u00f3viles y de sobremesa y empieza a disfrutar de la experiencia.<\/h5>\n<p>[\/vc_column_text][vc_empty_space height=\u00bb50&#8243;][vc_row_inner][vc_column_inner width=\u00bb1\/4&#8243;][vc_single_image image=\u00bb11842&#8243; img_size=\u00bbfull\u00bb alignment=\u00bbcenter\u00bb onclick=\u00bbcustom_link\u00bb img_link_target=\u00bb_blank\u00bb link=\u00bbhttps:\/\/apps.apple.com\/us\/app\/make-it-crea-juegos-y-quizzes\/id1182354738&#8243;][vc_column_text]<\/p>\n<p style=\"text-align: center;\">Apple Store<\/p>\n<p>[\/vc_column_text][\/vc_column_inner][vc_column_inner width=\u00bb1\/4&#8243;][vc_single_image image=\u00bb11844&#8243; img_size=\u00bbfull\u00bb alignment=\u00bbcenter\u00bb onclick=\u00bbcustom_link\u00bb img_link_target=\u00bb_blank\u00bb link=\u00bbhttps:\/\/apps.apple.com\/us\/app\/make-it-crea-juegos-y-quizzes\/id1182354738&#8243;][vc_column_text]<\/p>\n<p style=\"text-align: center;\">Mac App Store<\/p>\n<p>[\/vc_column_text][\/vc_column_inner][vc_column_inner width=\u00bb1\/4&#8243;][vc_single_image image=\u00bb11843&#8243; img_size=\u00bbfull\u00bb alignment=\u00bbcenter\u00bb onclick=\u00bbcustom_link\u00bb img_link_target=\u00bb_blank\u00bb link=\u00bbhttps:\/\/play.google.com\/store\/apps\/details?id=com.planetfactory.makeitAndroid&amp;hl=en&amp;gl=US\u00bb][vc_column_text]<\/p>\n<p style=\"text-align: center;\">Google Play<\/p>\n<p>[\/vc_column_text][\/vc_column_inner][vc_column_inner width=\u00bb1\/4&#8243;][vc_single_image image=\u00bb11840&#8243; img_size=\u00bbfull\u00bb alignment=\u00bbcenter\u00bb onclick=\u00bbcustom_link\u00bb link=\u00bbhttps:\/\/makeit.app\/windows\u00bb][vc_column_text]<\/p>\n<p style=\"text-align: center;\">Windows<\/p>\n<p>[\/vc_column_text][\/vc_column_inner][\/vc_row_inner][vc_empty_space][\/vc_column][\/vc_row][vc_row content_width=\u00bbgrid\u00bb disable_margin_on_row=\u00bbno\u00bb css=\u00bb.vc_custom_1484902750288{padding-top: 17px !important;padding-bottom: 76px !important;}\u00bb][vc_column]<div class=\"mkd-elements-holder mkd-responsive-mode-1024\" ><div class=\"mkd-elements-holder-item mkd-width-1-2 mkd-vertical-alignment-middle mkd-horizontal-alignment-left\" data-item-class=\"mkd-elements-holder-custom-238619\" >\n    <div class=\"mkd-elements-holder-item-inner\">\n        <div\n            class=\"mkd-elements-holder-item-content mkd-elements-holder-custom-238619\" style=\"padding: 0 0px 23px 0px\">\n            <div class=\"mkd-elements-holder-item-content-inner\">\n                [vc_column_text]<\/p>\n<h2>Make It es tu plataforma<\/h2>\n<p>[\/vc_column_text][vc_empty_space height=\u00bb5px\u00bb][vc_column_text]\u00a1La comunidad de educadores de Make It sigue creciendo y supera el mill\u00f3n de descargas! \u00danete ahora a la comunidad y comienza a disfrutar de la plataforma: podr\u00e1s crear y personalizar los contenidos para adaptarlos a cada alumno o grupo de alumnos y, dinamizar las clases y los deberes con juegos y tests educativos para que los estudiantes\u00a0puedan jugar y aprender en casa y en la escuela.<\/p>\n<p>\u00a1Desc\u00e1rgate Make It![\/vc_column_text]            <\/div>\n        <\/div>\n    <\/div>\n<\/div><div class=\"mkd-elements-holder-item mkd-width-1-2 mkd-vertical-alignment-middle mkd-horizontal-alignment-left\" data-item-class=\"mkd-elements-holder-custom-818941\" data-768-1024=\"0 0 0 0\" data-480=\"0 0 0 0\" >\n    <div class=\"mkd-elements-holder-item-inner\">\n        <div\n            class=\"mkd-elements-holder-item-content mkd-elements-holder-custom-818941\" style=\"padding: 0 0 0 32px\">\n            <div class=\"mkd-elements-holder-item-content-inner\">\n                [vc_empty_space height=\u00bb30px\u00bb]<div class=\"mkd-progress-bar\">\n    <h6 class=\"mkd-progress-title-holder clearfix\">\n    <span class=\"mkd-progress-title\">F\u00e1cil y r\u00e1pido<\/span>\n\t\t<span class=\"mkd-progress-number-wrapper mkd-floating mkd-floating-outside \">\n\t\t\t<span class=\"mkd-progress-number\">\n\t\t\t\t<span class=\"mkd-percent\">0<\/span>\n                                    <span class=\"mkd-down-arrow\"><\/span>\n                \t\t\t<\/span>\n\t\t<\/span>\n<\/h6>\n<div class=\"mkd-progress-content-outer\" style=\"background-color:#f0f0f0\">\n    <div data-percentage=95 class=\"mkd-progress-content\" style=\"background-color:#5b76ed\"><\/div>\n<\/div>\n<\/div>\t<div class=\"mkd-progress-bar\">\n    <h6 class=\"mkd-progress-title-holder clearfix\">\n    <span class=\"mkd-progress-title\">Personalizable e inclusiva<\/span>\n\t\t<span class=\"mkd-progress-number-wrapper mkd-floating mkd-floating-outside \">\n\t\t\t<span class=\"mkd-progress-number\">\n\t\t\t\t<span class=\"mkd-percent\">0<\/span>\n                                    <span class=\"mkd-down-arrow\"><\/span>\n                \t\t\t<\/span>\n\t\t<\/span>\n<\/h6>\n<div class=\"mkd-progress-content-outer\" style=\"background-color:#f0f0f0\">\n    <div data-percentage=90 class=\"mkd-progress-content\" style=\"background-color:#5b76ed\"><\/div>\n<\/div>\n<\/div>\t<div class=\"mkd-progress-bar\">\n    <h6 class=\"mkd-progress-title-holder clearfix\">\n    <span class=\"mkd-progress-title\">Creativa e interactiva<\/span>\n\t\t<span class=\"mkd-progress-number-wrapper mkd-floating mkd-floating-outside \">\n\t\t\t<span class=\"mkd-progress-number\">\n\t\t\t\t<span class=\"mkd-percent\">0<\/span>\n                                    <span class=\"mkd-down-arrow\"><\/span>\n                \t\t\t<\/span>\n\t\t<\/span>\n<\/h6>\n<div class=\"mkd-progress-content-outer\" style=\"background-color:#f0f0f0\">\n    <div data-percentage=85 class=\"mkd-progress-content\" style=\"background-color:#5b76ed\"><\/div>\n<\/div>\n<\/div>\t            <\/div>\n        <\/div>\n    <\/div>\n<\/div><\/div>[\/vc_column][\/vc_row]<\/p>\n","protected":false},"excerpt":{"rendered":"<p>[vc_row content_width=\u00bbgrid\u00bb disable_margin_on_row=\u00bbno\u00bb css=\u00bb.vc_custom_1484836684201{padding-top: 92px !important;padding-bottom: 50px !important;}\u00bb][vc_column offset=\u00bbvc_col-lg-12 vc_col-md-12&#8243;][vc_column_text] \u00a1Al alcance de todo el mundo! Make It est\u00e1 disponible para los sistemas iOS, en App Store, y Android, en Google Play, as\u00ed como para Mac y Windows.\u00a0Desc\u00e1rgate ahora la plataforma en tus dispositivos m\u00f3viles&#8230;<\/p>\n","protected":false},"author":1,"featured_media":11853,"parent":0,"menu_order":0,"comment_status":"closed","ping_status":"closed","template":"full-width.php","meta":{"_monsterinsights_skip_tracking":false,"_monsterinsights_sitenote_active":false,"_monsterinsights_sitenote_note":"","_monsterinsights_sitenote_category":0},"yoast_head":"<!-- This site is optimized with the Yoast SEO plugin v19.4 - https:\/\/yoast.com\/wordpress\/plugins\/seo\/ -->\n<title>Descargar - Make It<\/title>\n<meta name=\"robots\" content=\"index, follow, max-snippet:-1, max-image-preview:large, max-video-preview:-1\" \/>\n<link rel=\"canonical\" href=\"https:\/\/www.makeit.app\/es\/descargar\" \/>\n<meta property=\"og:locale\" content=\"es_ES\" \/>\n<meta property=\"og:type\" content=\"article\" \/>\n<meta property=\"og:title\" content=\"Descargar - Make It\" \/>\n<meta property=\"og:description\" content=\"[vc_row content_width=\u00bbgrid\u00bb disable_margin_on_row=\u00bbno\u00bb css=\u00bb.vc_custom_1484836684201{padding-top: 92px !important;padding-bottom: 50px !important;}\u00bb][vc_column offset=\u00bbvc_col-lg-12 vc_col-md-12&#8243;][vc_column_text] \u00a1Al alcance de todo el mundo! Make It est\u00e1 disponible para los sistemas iOS, en App Store, y Android, en Google Play, as\u00ed como para Mac y Windows.\u00a0Desc\u00e1rgate ahora la plataforma en tus dispositivos m\u00f3viles...\" \/>\n<meta property=\"og:url\" content=\"https:\/\/www.makeit.app\/es\/descargar\" \/>\n<meta property=\"og:site_name\" content=\"Make It\" \/>\n<meta property=\"article:publisher\" content=\"https:\/\/www.facebook.com\/MakeItGamesAndQuizzes\" \/>\n<meta property=\"article:modified_time\" content=\"2021-04-26T07:19:13+00:00\" \/>\n<meta name=\"twitter:card\" content=\"summary_large_image\" \/>\n<meta name=\"twitter:site\" content=\"@LearnyLand\" \/>\n<meta name=\"twitter:label1\" content=\"Tiempo de lectura\" \/>\n\t<meta name=\"twitter:data1\" content=\"1 minuto\" \/>\n<script type=\"application\/ld+json\" class=\"yoast-schema-graph\">{\"@context\":\"https:\/\/schema.org\",\"@graph\":[{\"@type\":\"Organization\",\"@id\":\"https:\/\/www.makeit.app\/#organization\",\"name\":\"Learny Land\",\"url\":\"https:\/\/www.makeit.app\/\",\"sameAs\":[\"https:\/\/www.instagram.com\/app.makeit\/\",\"https:\/\/www.linkedin.com\/company\/learnyland\/\",\"https:\/\/www.facebook.com\/MakeItGamesAndQuizzes\",\"https:\/\/twitter.com\/LearnyLand\"],\"logo\":{\"@type\":\"ImageObject\",\"inLanguage\":\"es\",\"@id\":\"https:\/\/www.makeit.app\/#\/schema\/logo\/image\/\",\"url\":\"https:\/\/www.makeit.app\/wp-content\/uploads\/2021\/04\/logoWhite_blue.png\",\"contentUrl\":\"https:\/\/www.makeit.app\/wp-content\/uploads\/2021\/04\/logoWhite_blue.png\",\"width\":2989,\"height\":1689,\"caption\":\"Learny Land\"},\"image\":{\"@id\":\"https:\/\/www.makeit.app\/#\/schema\/logo\/image\/\"}},{\"@type\":\"WebSite\",\"@id\":\"https:\/\/www.makeit.app\/#website\",\"url\":\"https:\/\/www.makeit.app\/\",\"name\":\"Make It\",\"description\":\"Crear Juegos Educativos\",\"publisher\":{\"@id\":\"https:\/\/www.makeit.app\/#organization\"},\"potentialAction\":[{\"@type\":\"SearchAction\",\"target\":{\"@type\":\"EntryPoint\",\"urlTemplate\":\"https:\/\/www.makeit.app\/?s={search_term_string}\"},\"query-input\":\"required name=search_term_string\"}],\"inLanguage\":\"es\"},{\"@type\":\"WebPage\",\"@id\":\"https:\/\/www.makeit.app\/es\/descargar\",\"url\":\"https:\/\/www.makeit.app\/es\/descargar\",\"name\":\"Descargar - Make It\",\"isPartOf\":{\"@id\":\"https:\/\/www.makeit.app\/#website\"},\"datePublished\":\"2021-04-26T06:59:55+00:00\",\"dateModified\":\"2021-04-26T07:19:13+00:00\",\"breadcrumb\":{\"@id\":\"https:\/\/www.makeit.app\/es\/descargar#breadcrumb\"},\"inLanguage\":\"es\",\"potentialAction\":[{\"@type\":\"ReadAction\",\"target\":[\"https:\/\/www.makeit.app\/es\/descargar\"]}]},{\"@type\":\"BreadcrumbList\",\"@id\":\"https:\/\/www.makeit.app\/es\/descargar#breadcrumb\",\"itemListElement\":[{\"@type\":\"ListItem\",\"position\":1,\"name\":\"Home\",\"item\":\"https:\/\/www.makeit.app\/es\"},{\"@type\":\"ListItem\",\"position\":2,\"name\":\"Descargar\"}]}]}<\/script>\n<!-- \/ Yoast SEO plugin. -->","yoast_head_json":{"title":"Descargar - Make It","robots":{"index":"index","follow":"follow","max-snippet":"max-snippet:-1","max-image-preview":"max-image-preview:large","max-video-preview":"max-video-preview:-1"},"canonical":"https:\/\/www.makeit.app\/es\/descargar","og_locale":"es_ES","og_type":"article","og_title":"Descargar - Make It","og_description":"[vc_row content_width=\u00bbgrid\u00bb disable_margin_on_row=\u00bbno\u00bb css=\u00bb.vc_custom_1484836684201{padding-top: 92px !important;padding-bottom: 50px !important;}\u00bb][vc_column offset=\u00bbvc_col-lg-12 vc_col-md-12&#8243;][vc_column_text] \u00a1Al alcance de todo el mundo! Make It est\u00e1 disponible para los sistemas iOS, en App Store, y Android, en Google Play, as\u00ed como para Mac y Windows.\u00a0Desc\u00e1rgate ahora la plataforma en tus dispositivos m\u00f3viles...","og_url":"https:\/\/www.makeit.app\/es\/descargar","og_site_name":"Make It","article_publisher":"https:\/\/www.facebook.com\/MakeItGamesAndQuizzes","article_modified_time":"2021-04-26T07:19:13+00:00","twitter_card":"summary_large_image","twitter_site":"@LearnyLand","twitter_misc":{"Tiempo de lectura":"1 minuto"},"schema":{"@context":"https:\/\/schema.org","@graph":[{"@type":"Organization","@id":"https:\/\/www.makeit.app\/#organization","name":"Learny Land","url":"https:\/\/www.makeit.app\/","sameAs":["https:\/\/www.instagram.com\/app.makeit\/","https:\/\/www.linkedin.com\/company\/learnyland\/","https:\/\/www.facebook.com\/MakeItGamesAndQuizzes","https:\/\/twitter.com\/LearnyLand"],"logo":{"@type":"ImageObject","inLanguage":"es","@id":"https:\/\/www.makeit.app\/#\/schema\/logo\/image\/","url":"https:\/\/www.makeit.app\/wp-content\/uploads\/2021\/04\/logoWhite_blue.png","contentUrl":"https:\/\/www.makeit.app\/wp-content\/uploads\/2021\/04\/logoWhite_blue.png","width":2989,"height":1689,"caption":"Learny Land"},"image":{"@id":"https:\/\/www.makeit.app\/#\/schema\/logo\/image\/"}},{"@type":"WebSite","@id":"https:\/\/www.makeit.app\/#website","url":"https:\/\/www.makeit.app\/","name":"Make It","description":"Crear Juegos Educativos","publisher":{"@id":"https:\/\/www.makeit.app\/#organization"},"potentialAction":[{"@type":"SearchAction","target":{"@type":"EntryPoint","urlTemplate":"https:\/\/www.makeit.app\/?s={search_term_string}"},"query-input":"required name=search_term_string"}],"inLanguage":"es"},{"@type":"WebPage","@id":"https:\/\/www.makeit.app\/es\/descargar","url":"https:\/\/www.makeit.app\/es\/descargar","name":"Descargar - Make It","isPartOf":{"@id":"https:\/\/www.makeit.app\/#website"},"datePublished":"2021-04-26T06:59:55+00:00","dateModified":"2021-04-26T07:19:13+00:00","breadcrumb":{"@id":"https:\/\/www.makeit.app\/es\/descargar#breadcrumb"},"inLanguage":"es","potentialAction":[{"@type":"ReadAction","target":["https:\/\/www.makeit.app\/es\/descargar"]}]},{"@type":"BreadcrumbList","@id":"https:\/\/www.makeit.app\/es\/descargar#breadcrumb","itemListElement":[{"@type":"ListItem","position":1,"name":"Home","item":"https:\/\/www.makeit.app\/es"},{"@type":"ListItem","position":2,"name":"Descargar"}]}]}},"_links":{"self":[{"href":"https:\/\/www.makeit.app\/es\/wp-json\/wp\/v2\/pages\/11984"}],"collection":[{"href":"https:\/\/www.makeit.app\/es\/wp-json\/wp\/v2\/pages"}],"about":[{"href":"https:\/\/www.makeit.app\/es\/wp-json\/wp\/v2\/types\/page"}],"author":[{"embeddable":true,"href":"https:\/\/www.makeit.app\/es\/wp-json\/wp\/v2\/users\/1"}],"replies":[{"embeddable":true,"href":"https:\/\/www.makeit.app\/es\/wp-json\/wp\/v2\/comments?post=11984"}],"version-history":[{"count":6,"href":"https:\/\/www.makeit.app\/es\/wp-json\/wp\/v2\/pages\/11984\/revisions"}],"predecessor-version":[{"id":11990,"href":"https:\/\/www.makeit.app\/es\/wp-json\/wp\/v2\/pages\/11984\/revisions\/11990"}],"wp:featuredmedia":[{"embeddable":true,"href":"https:\/\/www.makeit.app\/es\/wp-json\/wp\/v2\/media\/11853"}],"wp:attachment":[{"href":"https:\/\/www.makeit.app\/es\/wp-json\/wp\/v2\/media?parent=11984"}],"curies":[{"name":"wp","href":"https:\/\/api.w.org\/{rel}","templated":true}]}}