{"id":11992,"date":"2021-04-26T07:26:34","date_gmt":"2021-04-26T07:26:34","guid":{"rendered":"https:\/\/www.makeit.app\/contacto"},"modified":"2021-04-26T07:29:32","modified_gmt":"2021-04-26T07:29:32","slug":"contacto","status":"publish","type":"page","link":"https:\/\/www.makeit.app\/es\/contacto","title":{"rendered":"Contacto"},"content":{"rendered":"<p>[vc_row disable_margin_on_row=\u00bbno\u00bb][vc_column]<div class=\"mkd-elements-holder mkd-responsive-mode-1024\" ><div class=\"mkd-elements-holder-item mkd-width-1-2 mkd-vertical-alignment-top mkd-horizontal-alignment-left\" data-item-class=\"mkd-elements-holder-custom-968653\" data-1280-1440=\"0px 15% 87px 15%\" data-768-1024=\"50px 15% 50px 15%\" data-480=\"50px 15% 50px 15%\" >\n    <div class=\"mkd-elements-holder-item-inner\">\n        <div\n            class=\"mkd-elements-holder-item-content mkd-elements-holder-custom-968653\" style=\"padding: 70px 15% 142px 15%\">\n            <div class=\"mkd-elements-holder-item-content-inner\">\n                [vc_column_text]<\/p>\n<h3>Sobre nosotros<\/h3>\n<p>[\/vc_column_text][vc_empty_space height=\u00bb9px\u00bb][vc_column_text]<span style=\"font-weight: 400;\">Make It es una idea de Learny Land.\u00a0<\/span><\/p>\n<p><span style=\"font-weight: 400;\">Localizada en Barcelona, Learny Land es una compa\u00f1\u00eda premiada que desarrolla videojuegos educativos para ni\u00f1os. Aprovechando las tecnolog\u00edas m\u00e1s innovadoras y los dispositivos m\u00e1s modernos, lleva un paso m\u00e1s all\u00e1 la experiencia de aprender y jugar.<\/span><\/p>\n<p><span style=\"font-weight: 400;\">Contacta con nosotros si tienes cualquier duda, cuesti\u00f3n o sugerencia, nos gusta poder escuchar tu opini\u00f3n sobre nuestros productos.<\/span><\/p>\n<p><span style=\"font-weight: 400;\">Sigue nuestros canales de redes sociales para estar al d\u00eda de todas las novedades y formar parte de nuestra comunidad. \u00a1Te esperamos!\u00a0<\/span>[\/vc_column_text][vc_empty_space height=\u00bb14px\u00bb][vc_column_text]<\/p>\n<h5>Datos de contacto<\/h5>\n<p>[\/vc_column_text][vc_row_inner][vc_column_inner width=\u00bb1\/2&#8243;]<div class=\"mkd-unordered-list \" >\n\n            <ul>\n                            <li class=\"mkd-list-item\" style=\"margin-bottom:10px\">\n\n                    \n                    <span class=\"icon\"><i class=\"mkd-icon-simple-line-icon icon-link \" style=\"color:#dd3333;font-size:20px\" ><\/i><\/span>\n                    <span class=\"text\" style=\"color:#929191;font-size:15px\">www.learnyland.com<\/span>\n                <\/li>\n                            <li class=\"mkd-list-item\" style=\"margin-bottom:10px\">\n\n                    \n                    <span class=\"icon\"><i class=\"mkd-icon-simple-line-icon icon-envelope \" style=\"color:#dd3333;font-size:20px\" ><\/i><\/span>\n                    <span class=\"text\" style=\"color:#929191;font-size:15px\">info@learnyland.com<\/span>\n                <\/li>\n                            <li class=\"mkd-list-item\" style=\"margin-bottom:10px\">\n\n                    \n                    <span class=\"icon\"><i class=\"mkd-icon-simple-line-icon icon-location-pin \" style=\"color:#dd3333;font-size:20px\" ><\/i><\/span>\n                    <span class=\"text\" style=\"color:#929191;font-size:15px\">Sallent, Barcelona<\/span>\n                <\/li>\n                    <\/ul>\n    \n<\/div>[\/vc_column_inner][vc_column_inner width=\u00bb1\/2&#8243;][\/vc_column_inner][\/vc_row_inner][vc_column_text]<\/p>\n<h5>\u00a1S\u00edguenos!<\/h5>\n<p><a href=\"https:\/\/www.facebook.com\/MakeItGamesAndQuizzes\/\" target=\"_blank\" rel=\"noopener\"><img loading=\"lazy\" class=\"alignnone wp-image-11573\" src=\"https:\/\/www.makeit.app\/wp-content\/uploads\/2021\/03\/icon_facebook.png\" alt=\"\" width=\"25\" height=\"25\" \/><\/a> \u00a0 <a href=\"https:\/\/www.instagram.com\/app.makeit\/\" target=\"_blank\" rel=\"noopener\"><img loading=\"lazy\" class=\"alignnone wp-image-11575\" src=\"https:\/\/www.makeit.app\/wp-content\/uploads\/2021\/03\/icon_instagram.png\" alt=\"\" width=\"25\" height=\"25\" \/><\/a>\u00a0 \u00a0<a href=\"https:\/\/www.youtube.com\/channel\/UCIYALFMb_q8O7tSBcQZVCAQ\" target=\"_blank\" rel=\"noopener\"><img loading=\"lazy\" class=\"alignnone wp-image-11579\" src=\"https:\/\/www.makeit.app\/wp-content\/uploads\/2021\/03\/icon_youtube.png\" alt=\"\" width=\"36\" height=\"25\" \/><\/a>\u00a0 \u00a0<a href=\"https:\/\/www.linkedin.com\/company\/learnyland\" target=\"_blank\" rel=\"noopener\"><img loading=\"lazy\" class=\"alignnone wp-image-11577\" src=\"https:\/\/www.makeit.app\/wp-content\/uploads\/2021\/03\/icon_linkedin.png\" alt=\"\" width=\"25\" height=\"25\" \/><\/a>[\/vc_column_text][vc_empty_space height=\u00bb36px\u00bb]            <\/div>\n        <\/div>\n    <\/div>\n<\/div><div class=\"mkd-elements-holder-item mkd-width-1-2 mkd-vertical-alignment-middle mkd-horizontal-alignment-left\" data-item-class=\"mkd-elements-holder-custom-345664\" data-768-1024=\"50px 15% 75px 15%\" data-480=\"50px 15% 75px 15%\" >\n    <div class=\"mkd-elements-holder-item-inner\">\n        <div\n            class=\"mkd-elements-holder-item-content mkd-elements-holder-custom-345664\" style=\"background-color: #f6f6f6;padding: 75px 15% 110px 15%\">\n            <div class=\"mkd-elements-holder-item-content-inner\">\n                [vc_column_text]<\/p>\n<h3>Cont\u00e1ctanos<\/h3>\n<p>[\/vc_column_text][vc_empty_space height=\u00bb20px\u00bb]<div role=\"form\" class=\"wpcf7\" id=\"wpcf7-f11999-o1\" lang=\"es-ES\" dir=\"ltr\">\n<div class=\"screen-reader-response\"><p role=\"status\" aria-live=\"polite\" aria-atomic=\"true\"><\/p> <ul><\/ul><\/div>\n<form action=\"\/es\/wp-json\/wp\/v2\/pages\/11992#wpcf7-f11999-o1\" method=\"post\" class=\"wpcf7-form init cf7_custom_style_2\" novalidate=\"novalidate\" data-status=\"init\">\n<div style=\"display: none;\">\n<input type=\"hidden\" name=\"_wpcf7\" value=\"11999\" \/>\n<input type=\"hidden\" name=\"_wpcf7_version\" value=\"5.5.6\" \/>\n<input type=\"hidden\" name=\"_wpcf7_locale\" value=\"es_ES\" \/>\n<input type=\"hidden\" name=\"_wpcf7_unit_tag\" value=\"wpcf7-f11999-o1\" \/>\n<input type=\"hidden\" name=\"_wpcf7_container_post\" value=\"0\" \/>\n<input type=\"hidden\" name=\"_wpcf7_posted_data_hash\" value=\"\" \/>\n<input type=\"hidden\" name=\"_wpcf7_recaptcha_response\" value=\"\" \/>\n<\/div>\n<div class=\"mkd-cf7-50-50\">\n<div class=\"mkd-cf7-col-right\">\n<span class=\"wpcf7-form-control-wrap first-name\"><input type=\"text\" name=\"first-name\" value=\"\" size=\"40\" class=\"wpcf7-form-control wpcf7-text wpcf7-validates-as-required\" aria-required=\"true\" aria-invalid=\"false\" placeholder=\"Nombre\" \/><\/span><br \/>\n<span class=\"wpcf7-form-control-wrap your-email\"><input type=\"email\" name=\"your-email\" value=\"\" size=\"40\" class=\"wpcf7-form-control wpcf7-text wpcf7-email wpcf7-validates-as-required wpcf7-validates-as-email\" aria-required=\"true\" aria-invalid=\"false\" placeholder=\"Correo\" \/><\/span>\n<\/div>\n<div class=\"mkd-cf7-col-left\">\n<span class=\"wpcf7-form-control-wrap last-name\"><input type=\"text\" name=\"last-name\" value=\"\" size=\"40\" class=\"wpcf7-form-control wpcf7-text wpcf7-validates-as-required\" aria-required=\"true\" aria-invalid=\"false\" placeholder=\"Apellido\" \/><\/span><br \/>\n<span class=\"wpcf7-form-control-wrap your-website\"><input type=\"text\" name=\"your-website\" value=\"\" size=\"40\" class=\"wpcf7-form-control wpcf7-text wpcf7-validates-as-required\" aria-required=\"true\" aria-invalid=\"false\" placeholder=\"Web\" \/><\/span>\n<\/div>\n<\/div>\n<div>\n<span class=\"wpcf7-form-control-wrap your-message\"><textarea name=\"your-message\" cols=\"40\" rows=\"10\" class=\"wpcf7-form-control wpcf7-textarea\" aria-invalid=\"false\" placeholder=\"Mensaje\"><\/textarea><\/span><br \/>\n<span class=\"wpcf7-form-control-wrap acceptance-499\"><span class=\"wpcf7-form-control wpcf7-acceptance optional\"><span class=\"wpcf7-list-item\"><input type=\"checkbox\" name=\"acceptance-499\" value=\"1\" aria-invalid=\"false\" \/><\/span><\/span><\/span> Acepto recibir correos electr\u00f3nicos de Make It.<\/p>\n<p><input type=\"submit\" value=\"Enviar\" class=\"wpcf7-form-control has-spinner wpcf7-submit\" \/><\/p>\n<style>\n#para1  {\n    line-height: 1.2;\n    font-size: 8pt; color: silver; text-align: justify;<\/p>\n<p>} \n<\/style>\n<p style=\"display: none !important;\"><label>&#916;<textarea name=\"_wpcf7_ak_hp_textarea\" cols=\"45\" rows=\"8\" maxlength=\"100\"><\/textarea><\/label><input type=\"hidden\" id=\"ak_js_1\" name=\"_wpcf7_ak_js\" value=\"57\"\/><script>document.getElementById( \"ak_js_1\" ).setAttribute( \"value\", ( new Date() ).getTime() );<\/script><\/p><div class=\"wpcf7-response-output\" aria-hidden=\"true\"><\/div><\/form><\/div>            <\/div>\n        <\/div>\n    <\/div>\n<\/div><\/div>[\/vc_column][\/vc_row]<\/p>\n","protected":false},"excerpt":{"rendered":"<p>[vc_row disable_margin_on_row=\u00bbno\u00bb][vc_column][\/vc_column][\/vc_row]<\/p>\n","protected":false},"author":1,"featured_media":11995,"parent":0,"menu_order":0,"comment_status":"closed","ping_status":"closed","template":"full-width.php","meta":{"_monsterinsights_skip_tracking":false,"_monsterinsights_sitenote_active":false,"_monsterinsights_sitenote_note":"","_monsterinsights_sitenote_category":0},"yoast_head":"<!-- This site is optimized with the Yoast SEO plugin v19.4 - https:\/\/yoast.com\/wordpress\/plugins\/seo\/ -->\n<title>Contacto - Make It<\/title>\n<meta name=\"robots\" content=\"index, follow, max-snippet:-1, max-image-preview:large, max-video-preview:-1\" \/>\n<link rel=\"canonical\" href=\"https:\/\/www.makeit.app\/es\/contacto\" \/>\n<meta property=\"og:locale\" content=\"es_ES\" \/>\n<meta property=\"og:type\" content=\"article\" \/>\n<meta property=\"og:title\" content=\"Contacto - Make It\" \/>\n<meta property=\"og:description\" content=\"[vc_row disable_margin_on_row=\u00bbno\u00bb][vc_column][\/vc_column][\/vc_row]\" \/>\n<meta property=\"og:url\" content=\"https:\/\/www.makeit.app\/es\/contacto\" \/>\n<meta property=\"og:site_name\" content=\"Make It\" \/>\n<meta property=\"article:publisher\" content=\"https:\/\/www.facebook.com\/MakeItGamesAndQuizzes\" \/>\n<meta property=\"article:modified_time\" content=\"2021-04-26T07:29:32+00:00\" \/>\n<meta property=\"og:image\" content=\"https:\/\/www.makeit.app\/wp-content\/uploads\/2021\/03\/icon_facebook.png\" \/>\n<meta name=\"twitter:card\" content=\"summary_large_image\" \/>\n<meta name=\"twitter:site\" content=\"@LearnyLand\" \/>\n<meta name=\"twitter:label1\" content=\"Tiempo de lectura\" \/>\n\t<meta name=\"twitter:data1\" content=\"2 minutos\" \/>\n<script type=\"application\/ld+json\" class=\"yoast-schema-graph\">{\"@context\":\"https:\/\/schema.org\",\"@graph\":[{\"@type\":\"Organization\",\"@id\":\"https:\/\/www.makeit.app\/#organization\",\"name\":\"Learny Land\",\"url\":\"https:\/\/www.makeit.app\/\",\"sameAs\":[\"https:\/\/www.instagram.com\/app.makeit\/\",\"https:\/\/www.linkedin.com\/company\/learnyland\/\",\"https:\/\/www.facebook.com\/MakeItGamesAndQuizzes\",\"https:\/\/twitter.com\/LearnyLand\"],\"logo\":{\"@type\":\"ImageObject\",\"inLanguage\":\"es\",\"@id\":\"https:\/\/www.makeit.app\/#\/schema\/logo\/image\/\",\"url\":\"https:\/\/www.makeit.app\/wp-content\/uploads\/2021\/04\/logoWhite_blue.png\",\"contentUrl\":\"https:\/\/www.makeit.app\/wp-content\/uploads\/2021\/04\/logoWhite_blue.png\",\"width\":2989,\"height\":1689,\"caption\":\"Learny Land\"},\"image\":{\"@id\":\"https:\/\/www.makeit.app\/#\/schema\/logo\/image\/\"}},{\"@type\":\"WebSite\",\"@id\":\"https:\/\/www.makeit.app\/#website\",\"url\":\"https:\/\/www.makeit.app\/\",\"name\":\"Make It\",\"description\":\"Crear Juegos Educativos\",\"publisher\":{\"@id\":\"https:\/\/www.makeit.app\/#organization\"},\"potentialAction\":[{\"@type\":\"SearchAction\",\"target\":{\"@type\":\"EntryPoint\",\"urlTemplate\":\"https:\/\/www.makeit.app\/?s={search_term_string}\"},\"query-input\":\"required name=search_term_string\"}],\"inLanguage\":\"es\"},{\"@type\":\"WebPage\",\"@id\":\"https:\/\/www.makeit.app\/es\/contacto\",\"url\":\"https:\/\/www.makeit.app\/es\/contacto\",\"name\":\"Contacto - Make It\",\"isPartOf\":{\"@id\":\"https:\/\/www.makeit.app\/#website\"},\"datePublished\":\"2021-04-26T07:26:34+00:00\",\"dateModified\":\"2021-04-26T07:29:32+00:00\",\"breadcrumb\":{\"@id\":\"https:\/\/www.makeit.app\/es\/contacto#breadcrumb\"},\"inLanguage\":\"es\",\"potentialAction\":[{\"@type\":\"ReadAction\",\"target\":[\"https:\/\/www.makeit.app\/es\/contacto\"]}]},{\"@type\":\"BreadcrumbList\",\"@id\":\"https:\/\/www.makeit.app\/es\/contacto#breadcrumb\",\"itemListElement\":[{\"@type\":\"ListItem\",\"position\":1,\"name\":\"Home\",\"item\":\"https:\/\/www.makeit.app\/es\"},{\"@type\":\"ListItem\",\"position\":2,\"name\":\"Contacto\"}]}]}<\/script>\n<!-- \/ Yoast SEO plugin. -->","yoast_head_json":{"title":"Contacto - Make It","robots":{"index":"index","follow":"follow","max-snippet":"max-snippet:-1","max-image-preview":"max-image-preview:large","max-video-preview":"max-video-preview:-1"},"canonical":"https:\/\/www.makeit.app\/es\/contacto","og_locale":"es_ES","og_type":"article","og_title":"Contacto - Make It","og_description":"[vc_row disable_margin_on_row=\u00bbno\u00bb][vc_column][\/vc_column][\/vc_row]","og_url":"https:\/\/www.makeit.app\/es\/contacto","og_site_name":"Make It","article_publisher":"https:\/\/www.facebook.com\/MakeItGamesAndQuizzes","article_modified_time":"2021-04-26T07:29:32+00:00","og_image":[{"url":"https:\/\/www.makeit.app\/wp-content\/uploads\/2021\/03\/icon_facebook.png"}],"twitter_card":"summary_large_image","twitter_site":"@LearnyLand","twitter_misc":{"Tiempo de lectura":"2 minutos"},"schema":{"@context":"https:\/\/schema.org","@graph":[{"@type":"Organization","@id":"https:\/\/www.makeit.app\/#organization","name":"Learny Land","url":"https:\/\/www.makeit.app\/","sameAs":["https:\/\/www.instagram.com\/app.makeit\/","https:\/\/www.linkedin.com\/company\/learnyland\/","https:\/\/www.facebook.com\/MakeItGamesAndQuizzes","https:\/\/twitter.com\/LearnyLand"],"logo":{"@type":"ImageObject","inLanguage":"es","@id":"https:\/\/www.makeit.app\/#\/schema\/logo\/image\/","url":"https:\/\/www.makeit.app\/wp-content\/uploads\/2021\/04\/logoWhite_blue.png","contentUrl":"https:\/\/www.makeit.app\/wp-content\/uploads\/2021\/04\/logoWhite_blue.png","width":2989,"height":1689,"caption":"Learny Land"},"image":{"@id":"https:\/\/www.makeit.app\/#\/schema\/logo\/image\/"}},{"@type":"WebSite","@id":"https:\/\/www.makeit.app\/#website","url":"https:\/\/www.makeit.app\/","name":"Make It","description":"Crear Juegos Educativos","publisher":{"@id":"https:\/\/www.makeit.app\/#organization"},"potentialAction":[{"@type":"SearchAction","target":{"@type":"EntryPoint","urlTemplate":"https:\/\/www.makeit.app\/?s={search_term_string}"},"query-input":"required name=search_term_string"}],"inLanguage":"es"},{"@type":"WebPage","@id":"https:\/\/www.makeit.app\/es\/contacto","url":"https:\/\/www.makeit.app\/es\/contacto","name":"Contacto - Make It","isPartOf":{"@id":"https:\/\/www.makeit.app\/#website"},"datePublished":"2021-04-26T07:26:34+00:00","dateModified":"2021-04-26T07:29:32+00:00","breadcrumb":{"@id":"https:\/\/www.makeit.app\/es\/contacto#breadcrumb"},"inLanguage":"es","potentialAction":[{"@type":"ReadAction","target":["https:\/\/www.makeit.app\/es\/contacto"]}]},{"@type":"BreadcrumbList","@id":"https:\/\/www.makeit.app\/es\/contacto#breadcrumb","itemListElement":[{"@type":"ListItem","position":1,"name":"Home","item":"https:\/\/www.makeit.app\/es"},{"@type":"ListItem","position":2,"name":"Contacto"}]}]}},"_links":{"self":[{"href":"https:\/\/www.makeit.app\/es\/wp-json\/wp\/v2\/pages\/11992"}],"collection":[{"href":"https:\/\/www.makeit.app\/es\/wp-json\/wp\/v2\/pages"}],"about":[{"href":"https:\/\/www.makeit.app\/es\/wp-json\/wp\/v2\/types\/page"}],"author":[{"embeddable":true,"href":"https:\/\/www.makeit.app\/es\/wp-json\/wp\/v2\/users\/1"}],"replies":[{"embeddable":true,"href":"https:\/\/www.makeit.app\/es\/wp-json\/wp\/v2\/comments?post=11992"}],"version-history":[{"count":3,"href":"https:\/\/www.makeit.app\/es\/wp-json\/wp\/v2\/pages\/11992\/revisions"}],"predecessor-version":[{"id":11998,"href":"https:\/\/www.makeit.app\/es\/wp-json\/wp\/v2\/pages\/11992\/revisions\/11998"}],"wp:featuredmedia":[{"embeddable":true,"href":"https:\/\/www.makeit.app\/es\/wp-json\/wp\/v2\/media\/11995"}],"wp:attachment":[{"href":"https:\/\/www.makeit.app\/es\/wp-json\/wp\/v2\/media?parent=11992"}],"curies":[{"name":"wp","href":"https:\/\/api.w.org\/{rel}","templated":true}]}}